{"id":142,"date":"2020-07-20T20:36:40","date_gmt":"2020-07-20T20:36:40","guid":{"rendered":"http:\/\/mundologistico.cl\/?page_id=142"},"modified":"2026-03-13T00:49:32","modified_gmt":"2026-03-13T00:49:32","slug":"cursos","status":"publish","type":"page","link":"https:\/\/mundologistico.cl\/index.php\/cursos\/","title":{"rendered":"CURSOS MAQUINARIA PESADA CON LICENCIA D"},"content":{"rendered":"\n<h2 class=\"wp-block-heading has-text-align-center\">CURSO&nbsp;CONDUCCI\u00d3N Y OPERACI\u00d3N DE GR\u00daA HORQUILLA<\/h2>\n\n\n\n<p class=\"has-text-align-center\"><strong>C\u00f3digo SKU : ML-06062016-01<\/strong><\/p>\n\n\n\n<figure class=\"wp-block-image size-full\"><img loading=\"lazy\" decoding=\"async\" width=\"981\" height=\"881\" src=\"http:\/\/mundologistico.cl\/wp-content\/uploads\/2026\/03\/WhatsApp-Image-2026-03-10-at-19.41.36.jpeg\" alt=\"\" class=\"wp-image-324\" srcset=\"https:\/\/mundologistico.cl\/wp-content\/uploads\/2026\/03\/WhatsApp-Image-2026-03-10-at-19.41.36.jpeg 981w, https:\/\/mundologistico.cl\/wp-content\/uploads\/2026\/03\/WhatsApp-Image-2026-03-10-at-19.41.36-300x269.jpeg 300w, https:\/\/mundologistico.cl\/wp-content\/uploads\/2026\/03\/WhatsApp-Image-2026-03-10-at-19.41.36-768x690.jpeg 768w\" sizes=\"auto, (max-width: 981px) 100vw, 981px\" \/><\/figure>\n\n\n\n<p><\/p>\n\n\n\n<h2 class=\"wp-block-heading has-text-align-center has-black-color has-text-color has-link-color wp-elements-d9b4d84977896b5bcef1cd0409c787d0\">CURSO CONDUCCI\u00d3N Y OPERACI\u00d3N DE MANIPULADOR TELESC\u00d3PICO<\/h2>\n\n\n\n<p class=\"has-text-align-center\"><strong><span style=\"color:#0b6185\" class=\"has-inline-color\"> <\/span>C\u00f3digo SKU : ML-06062016-02<\/strong><\/p>\n\n\n\n<figure class=\"wp-block-image size-large\"><img loading=\"lazy\" decoding=\"async\" width=\"1024\" height=\"768\" src=\"http:\/\/mundologistico.cl\/wp-content\/uploads\/2026\/03\/WhatsApp-Image-2026-03-10-at-19.52.17-1024x768.jpeg\" alt=\"\" class=\"wp-image-327\" srcset=\"https:\/\/mundologistico.cl\/wp-content\/uploads\/2026\/03\/WhatsApp-Image-2026-03-10-at-19.52.17-1024x768.jpeg 1024w, https:\/\/mundologistico.cl\/wp-content\/uploads\/2026\/03\/WhatsApp-Image-2026-03-10-at-19.52.17-300x225.jpeg 300w, https:\/\/mundologistico.cl\/wp-content\/uploads\/2026\/03\/WhatsApp-Image-2026-03-10-at-19.52.17-768x576.jpeg 768w, https:\/\/mundologistico.cl\/wp-content\/uploads\/2026\/03\/WhatsApp-Image-2026-03-10-at-19.52.17.jpeg 1280w\" sizes=\"auto, (max-width: 1024px) 100vw, 1024px\" \/><\/figure>\n\n\n\n<p><\/p>\n\n\n\n<h2 class=\"wp-block-heading has-text-align-center has-black-color has-text-color has-link-color wp-elements-a1f4dad6e490ff5095a3c3abe047f7a9\">CURSO CONDUCCI\u00d3N Y OPERACI\u00d3N DE PLATAFORMA ELEVADORA M\u00d3VIL DE PERSONAS, PEMP<\/h2>\n\n\n\n<p class=\"has-text-align-center\"><strong>C\u00f3digo SKU : ML-06062016-03<\/strong><\/p>\n\n\n\n<figure class=\"wp-block-image size-large\"><img loading=\"lazy\" decoding=\"async\" width=\"1024\" height=\"760\" src=\"https:\/\/mundologistico.cl\/wp-content\/uploads\/2026\/03\/WhatsApp-Image-2026-03-10-at-19.56.00-1024x760.jpeg\" alt=\"\" class=\"wp-image-328\" srcset=\"https:\/\/mundologistico.cl\/wp-content\/uploads\/2026\/03\/WhatsApp-Image-2026-03-10-at-19.56.00-1024x760.jpeg 1024w, https:\/\/mundologistico.cl\/wp-content\/uploads\/2026\/03\/WhatsApp-Image-2026-03-10-at-19.56.00-300x223.jpeg 300w, https:\/\/mundologistico.cl\/wp-content\/uploads\/2026\/03\/WhatsApp-Image-2026-03-10-at-19.56.00-768x570.jpeg 768w, https:\/\/mundologistico.cl\/wp-content\/uploads\/2026\/03\/WhatsApp-Image-2026-03-10-at-19.56.00.jpeg 1280w\" sizes=\"auto, (max-width: 1024px) 100vw, 1024px\" \/><\/figure>\n\n\n\n<h2 class=\"wp-block-heading has-text-align-center has-black-color has-text-color has-link-color wp-elements-00e964263e5eaad0956790e4d03cb32a\">CURSO OPERACI\u00d3N DE CAMI\u00d3N CON PLUMA<\/h2>\n\n\n\n<p class=\"has-text-align-center\"><strong>C\u00f3digo SKU : ML-06062016-04<\/strong><\/p>\n\n\n\n<figure class=\"wp-block-image size-large\"><img loading=\"lazy\" decoding=\"async\" width=\"1024\" height=\"871\" src=\"http:\/\/mundologistico.cl\/wp-content\/uploads\/2026\/03\/WhatsApp-Image-2026-03-11-at-14.33.02-1024x871.jpeg\" alt=\"\" class=\"wp-image-333\" srcset=\"https:\/\/mundologistico.cl\/wp-content\/uploads\/2026\/03\/WhatsApp-Image-2026-03-11-at-14.33.02-1024x871.jpeg 1024w, https:\/\/mundologistico.cl\/wp-content\/uploads\/2026\/03\/WhatsApp-Image-2026-03-11-at-14.33.02-300x255.jpeg 300w, https:\/\/mundologistico.cl\/wp-content\/uploads\/2026\/03\/WhatsApp-Image-2026-03-11-at-14.33.02-768x653.jpeg 768w, https:\/\/mundologistico.cl\/wp-content\/uploads\/2026\/03\/WhatsApp-Image-2026-03-11-at-14.33.02.jpeg 1280w\" sizes=\"auto, (max-width: 1024px) 100vw, 1024px\" \/><\/figure>\n\n\n\n<h2 class=\"wp-block-heading has-text-align-center\">CURSO CONDUCCI\u00d3N Y OPERACI\u00d3N DE RETROEXCAVADORA<\/h2>\n\n\n\n<p class=\"has-text-align-center\"><strong>C\u00f3digo SKU : ML-06062016-05<\/strong><\/p>\n\n\n\n<figure class=\"wp-block-image size-large\"><img loading=\"lazy\" decoding=\"async\" width=\"1024\" height=\"538\" src=\"https:\/\/mundologistico.cl\/wp-content\/uploads\/2026\/03\/Curso-de-Retroexcavadora-6-1024x538.jpg\" alt=\"\" class=\"wp-image-335\" srcset=\"https:\/\/mundologistico.cl\/wp-content\/uploads\/2026\/03\/Curso-de-Retroexcavadora-6-1024x538.jpg 1024w, https:\/\/mundologistico.cl\/wp-content\/uploads\/2026\/03\/Curso-de-Retroexcavadora-6-300x158.jpg 300w, https:\/\/mundologistico.cl\/wp-content\/uploads\/2026\/03\/Curso-de-Retroexcavadora-6-768x403.jpg 768w, https:\/\/mundologistico.cl\/wp-content\/uploads\/2026\/03\/Curso-de-Retroexcavadora-6.jpg 1500w\" sizes=\"auto, (max-width: 1024px) 100vw, 1024px\" \/><\/figure>\n\n\n\n<h2 class=\"wp-block-heading has-text-align-center has-black-color has-text-color has-link-color wp-elements-f9d8ed1c100fc8b63b66d50ce46350a7\">CURSO CONDUCCI\u00d3N Y OPERACI\u00d3N DE CARGADOR FRONTAL<\/h2>\n\n\n\n<p class=\"has-text-align-center\"><strong>C\u00f3digo SKU : ML-06062016-06<\/strong><\/p>\n\n\n\n<figure class=\"wp-block-image size-large\"><img loading=\"lazy\" decoding=\"async\" width=\"1024\" height=\"702\" src=\"https:\/\/mundologistico.cl\/wp-content\/uploads\/2026\/03\/WhatsApp-Image-2026-03-11-at-15.11.46-1024x702.jpeg\" alt=\"\" class=\"wp-image-337\" srcset=\"https:\/\/mundologistico.cl\/wp-content\/uploads\/2026\/03\/WhatsApp-Image-2026-03-11-at-15.11.46-1024x702.jpeg 1024w, https:\/\/mundologistico.cl\/wp-content\/uploads\/2026\/03\/WhatsApp-Image-2026-03-11-at-15.11.46-300x206.jpeg 300w, https:\/\/mundologistico.cl\/wp-content\/uploads\/2026\/03\/WhatsApp-Image-2026-03-11-at-15.11.46-768x526.jpeg 768w, https:\/\/mundologistico.cl\/wp-content\/uploads\/2026\/03\/WhatsApp-Image-2026-03-11-at-15.11.46.jpeg 1280w\" sizes=\"auto, (max-width: 1024px) 100vw, 1024px\" \/><\/figure>\n\n\n\n<h2 class=\"wp-block-heading has-text-align-center\">CURSO OPERACI\u00d3N DE EXCAVADORA <\/h2>\n\n\n\n<p class=\"has-text-align-center\"><strong>C\u00f3digo SKU : ML-06062016-07<\/strong><\/p>\n\n\n\n<figure class=\"wp-block-image size-large\"><img loading=\"lazy\" decoding=\"async\" width=\"1024\" height=\"765\" src=\"https:\/\/mundologistico.cl\/wp-content\/uploads\/2026\/03\/WhatsApp-Image-2026-03-11-at-15.33.00-1024x765.jpeg\" alt=\"\" class=\"wp-image-339\" srcset=\"https:\/\/mundologistico.cl\/wp-content\/uploads\/2026\/03\/WhatsApp-Image-2026-03-11-at-15.33.00-1024x765.jpeg 1024w, https:\/\/mundologistico.cl\/wp-content\/uploads\/2026\/03\/WhatsApp-Image-2026-03-11-at-15.33.00-300x224.jpeg 300w, https:\/\/mundologistico.cl\/wp-content\/uploads\/2026\/03\/WhatsApp-Image-2026-03-11-at-15.33.00-768x574.jpeg 768w, https:\/\/mundologistico.cl\/wp-content\/uploads\/2026\/03\/WhatsApp-Image-2026-03-11-at-15.33.00-1536x1148.jpeg 1536w, https:\/\/mundologistico.cl\/wp-content\/uploads\/2026\/03\/WhatsApp-Image-2026-03-11-at-15.33.00.jpeg 1600w\" sizes=\"auto, (max-width: 1024px) 100vw, 1024px\" \/><\/figure>\n\n\n\n<h2 class=\"wp-block-heading\">RECOMENDACIONES DE SEGURIDAD<\/h2>\n\n\n\n<figure class=\"wp-block-embed is-type-video is-provider-youtube wp-block-embed-youtube wp-embed-aspect-16-9 wp-has-aspect-ratio\"><div class=\"wp-block-embed__wrapper\">\n<iframe loading=\"lazy\" title=\"MEDIDAS DE CONTROL PARA EL OPERADOR\" width=\"1170\" height=\"658\" src=\"https:\/\/www.youtube.com\/embed\/pb9RyStFG2o?feature=oembed\" frameborder=\"0\" allow=\"accelerometer; autoplay; clipboard-write; encrypted-media; gyroscope; picture-in-picture; web-share\" referrerpolicy=\"strict-origin-when-cross-origin\" allowfullscreen><\/iframe>\n<\/div><\/figure>\n","protected":false},"excerpt":{"rendered":"<p>CURSO&nbsp;CONDUCCI\u00d3N Y OPERACI\u00d3N DE GR\u00daA HORQUILLA C\u00f3digo SKU : ML-06062016-01 CURSO CONDUCCI\u00d3N Y OPERACI\u00d3N DE MANIPULADOR TELESC\u00d3PICO C\u00f3digo SKU : ML-06062016-02 CURSO CONDUCCI\u00d3N Y OPERACI\u00d3N DE PLATAFORMA ELEVADORA M\u00d3VIL DE PERSONAS, PEMP C\u00f3digo SKU : ML-06062016-03 CURSO OPERACI\u00d3N DE CAMI\u00d3N CON PLUMA C\u00f3digo SKU : ML-06062016-04 CURSO CONDUCCI\u00d3N Y OPERACI\u00d3N DE RETROEXCAVADORA C\u00f3digo SKU :<span class=\"post-excerpt-end\">&hellip;<\/span><\/p>\n<p class=\"more-link\"><a href=\"https:\/\/mundologistico.cl\/index.php\/cursos\/\" class=\"themebutton\">Leer m\u00e1s<\/a><\/p>\n","protected":false},"author":2,"featured_media":0,"parent":0,"menu_order":0,"comment_status":"open","ping_status":"closed","template":"","meta":{"footnotes":""},"class_list":["post-142","page","type-page","status-publish","hentry"],"_links":{"self":[{"href":"https:\/\/mundologistico.cl\/index.php\/wp-json\/wp\/v2\/pages\/142","targetHints":{"allow":["GET"]}}],"collection":[{"href":"https:\/\/mundologistico.cl\/index.php\/wp-json\/wp\/v2\/pages"}],"about":[{"href":"https:\/\/mundologistico.cl\/index.php\/wp-json\/wp\/v2\/types\/page"}],"author":[{"embeddable":true,"href":"https:\/\/mundologistico.cl\/index.php\/wp-json\/wp\/v2\/users\/2"}],"replies":[{"embeddable":true,"href":"https:\/\/mundologistico.cl\/index.php\/wp-json\/wp\/v2\/comments?post=142"}],"version-history":[{"count":34,"href":"https:\/\/mundologistico.cl\/index.php\/wp-json\/wp\/v2\/pages\/142\/revisions"}],"predecessor-version":[{"id":420,"href":"https:\/\/mundologistico.cl\/index.php\/wp-json\/wp\/v2\/pages\/142\/revisions\/420"}],"wp:attachment":[{"href":"https:\/\/mundologistico.cl\/index.php\/wp-json\/wp\/v2\/media?parent=142"}],"curies":[{"name":"wp","href":"https:\/\/api.w.org\/{rel}","templated":true}]}}