{"id":2,"date":"2020-02-15T01:50:43","date_gmt":"2020-02-15T01:50:43","guid":{"rendered":"http:\/\/mundologistico.cl\/?page_id=2"},"modified":"2026-03-12T14:35:26","modified_gmt":"2026-03-12T14:35:26","slug":"capacitacion-es-un-organismo-tecnico-de-capacitacion-otec-inscrito-en-el-registro-nacional-acreditado-por-el-servicio-nacional-de-capacitacion-y-empleo-sence-con-personalidad-juridica-certificad","status":"publish","type":"page","link":"https:\/\/mundologistico.cl\/","title":{"rendered":"\u00bfQui\u00e9nes somos?"},"content":{"rendered":"\n<h2 class=\"wp-block-heading has-text-align-center\"><span style=\"color:#1c5d82\" class=\"has-inline-color\">\u00bfQui\u00e9nes somos?<\/span><\/h2>\n\n\n\n<h3 class=\"wp-block-heading has-text-align-center has-black-color has-text-color has-link-color wp-elements-5945c9d916449fe273bd69e03f8672cf\"><strong><span style=\"color:#065f85\" class=\"has-inline-color\">&#8220;Somos un Otec, especialista en cursos de maquinarias pesadas y gesti\u00f3n log\u00edstica, l\u00edder en profesionalizar los oficios a trav\u00e9s de capacitaci\u00f3n, formamos personas id\u00f3neas calificadas y certificadas, para satisfacer la demanda del mercado laboral. Nuestros pilares para desarrollar y consolidar nuestro liderazgo se basan en el respeto hacia las personas y la excelencia operacional en nuestros procesos.&#8221;<\/span><\/strong><\/h3>\n\n\n\n<p>..<\/p>\n\n\n\n<figure class=\"wp-block-image size-large\"><img loading=\"lazy\" decoding=\"async\" width=\"1024\" height=\"778\" src=\"http:\/\/mundologistico.cl\/wp-content\/uploads\/2026\/03\/WhatsApp-Image-2026-03-10-at-18.28.01-1024x778.jpeg\" alt=\"\" class=\"wp-image-313\" srcset=\"https:\/\/mundologistico.cl\/wp-content\/uploads\/2026\/03\/WhatsApp-Image-2026-03-10-at-18.28.01-1024x778.jpeg 1024w, https:\/\/mundologistico.cl\/wp-content\/uploads\/2026\/03\/WhatsApp-Image-2026-03-10-at-18.28.01-300x228.jpeg 300w, https:\/\/mundologistico.cl\/wp-content\/uploads\/2026\/03\/WhatsApp-Image-2026-03-10-at-18.28.01-768x583.jpeg 768w, https:\/\/mundologistico.cl\/wp-content\/uploads\/2026\/03\/WhatsApp-Image-2026-03-10-at-18.28.01.jpeg 1280w\" sizes=\"auto, (max-width: 1024px) 100vw, 1024px\" \/><\/figure>\n\n\n\n<p class=\"has-text-align-center has-large-font-size\"><span style=\"color:#001a5c\" class=\"has-inline-color\">EQUIPO DE TRABAJO <\/span><\/p>\n\n\n<p><span style=\"color: #333333;\">NUESTRO EQUIPO DE TRABAJO, EST\u00c1 FUERTEMENTE COMPROMETIDO\u00a0 CON LA LABOR EDUCACIONAL\u00a0 IMPARTIENDO CURSOS EN TODO EL PA\u00cdS Y EN DIFERENTES PROGRAMAS DE CAPACITACI\u00d3N EN AYUDA DE DISTINTOS GRUPOS SOCIALES.\u00a0<\/span><\/p>\n\n\n<p><\/p>\n","protected":false},"excerpt":{"rendered":"<p>\u00bfQui\u00e9nes somos? &#8220;Somos un Otec, especialista en cursos de maquinarias pesadas y gesti\u00f3n log\u00edstica, l\u00edder en profesionalizar los oficios a trav\u00e9s de capacitaci\u00f3n, formamos personas id\u00f3neas calificadas y certificadas, para satisfacer la demanda del mercado laboral. Nuestros pilares para desarrollar y consolidar nuestro liderazgo se basan en el respeto hacia las personas y la excelencia<span class=\"post-excerpt-end\">&hellip;<\/span><\/p>\n<p class=\"more-link\"><a href=\"https:\/\/mundologistico.cl\/\" class=\"themebutton\">Leer m\u00e1s<\/a><\/p>\n","protected":false},"author":1,"featured_media":16,"parent":0,"menu_order":0,"comment_status":"closed","ping_status":"closed","template":"","meta":{"footnotes":""},"class_list":["post-2","page","type-page","status-publish","has-post-thumbnail","hentry"],"_links":{"self":[{"href":"https:\/\/mundologistico.cl\/index.php\/wp-json\/wp\/v2\/pages\/2","targetHints":{"allow":["GET"]}}],"collection":[{"href":"https:\/\/mundologistico.cl\/index.php\/wp-json\/wp\/v2\/pages"}],"about":[{"href":"https:\/\/mundologistico.cl\/index.php\/wp-json\/wp\/v2\/types\/page"}],"author":[{"embeddable":true,"href":"https:\/\/mundologistico.cl\/index.php\/wp-json\/wp\/v2\/users\/1"}],"replies":[{"embeddable":true,"href":"https:\/\/mundologistico.cl\/index.php\/wp-json\/wp\/v2\/comments?post=2"}],"version-history":[{"count":20,"href":"https:\/\/mundologistico.cl\/index.php\/wp-json\/wp\/v2\/pages\/2\/revisions"}],"predecessor-version":[{"id":387,"href":"https:\/\/mundologistico.cl\/index.php\/wp-json\/wp\/v2\/pages\/2\/revisions\/387"}],"wp:featuredmedia":[{"embeddable":true,"href":"https:\/\/mundologistico.cl\/index.php\/wp-json\/wp\/v2\/media\/16"}],"wp:attachment":[{"href":"https:\/\/mundologistico.cl\/index.php\/wp-json\/wp\/v2\/media?parent=2"}],"curies":[{"name":"wp","href":"https:\/\/api.w.org\/{rel}","templated":true}]}}